{"id":70,"date":"2025-10-22T17:54:08","date_gmt":"2025-10-22T15:54:08","guid":{"rendered":"https:\/\/wymarzony-remont.pl\/?page_id=70"},"modified":"2025-10-22T20:45:42","modified_gmt":"2025-10-22T18:45:42","slug":"projekty","status":"publish","type":"page","link":"https:\/\/wymarzony-remont.pl\/?page_id=70","title":{"rendered":"Projekty"},"content":{"rendered":"\t\t<div data-elementor-type=\"wp-page\" data-elementor-id=\"70\" class=\"elementor elementor-70\" data-elementor-post-type=\"page\">\n\t\t\t\t\t\t<section data-particle_enable=\"false\" data-particle-mobile-disabled=\"false\" class=\"elementor-section elementor-top-section elementor-element elementor-element-7802b62 elementor-section-height-min-height elementor-section-boxed elementor-section-height-default elementor-section-items-middle\" data-id=\"7802b62\" data-element_type=\"section\" data-settings=\"{&quot;background_background&quot;:&quot;classic&quot;}\">\n\t\t\t\t\t\t\t<div class=\"elementor-background-overlay\"><\/div>\n\t\t\t\t\t\t\t<div class=\"elementor-container elementor-column-gap-default\">\n\t\t\t\t\t<div class=\"elementor-column elementor-col-100 elementor-top-column elementor-element elementor-element-3145142\" data-id=\"3145142\" data-element_type=\"column\">\n\t\t\t<div class=\"elementor-widget-wrap elementor-element-populated\">\n\t\t\t\t\t\t<section data-particle_enable=\"false\" data-particle-mobile-disabled=\"false\" class=\"elementor-section elementor-inner-section elementor-element elementor-element-738b767 elementor-section-boxed elementor-section-height-default elementor-section-height-default\" data-id=\"738b767\" data-element_type=\"section\">\n\t\t\t\t\t\t<div class=\"elementor-container elementor-column-gap-default\">\n\t\t\t\t\t<div class=\"elementor-column elementor-col-100 elementor-inner-column elementor-element elementor-element-b7cde5e\" data-id=\"b7cde5e\" data-element_type=\"column\">\n\t\t\t<div class=\"elementor-widget-wrap elementor-element-populated\">\n\t\t\t\t\t\t<div class=\"elementor-element elementor-element-792aff7 elementor-widget-tablet__width-inherit elementor-invisible elementor-widget elementor-widget-heading\" data-id=\"792aff7\" data-element_type=\"widget\" data-settings=\"{&quot;_animation&quot;:&quot;fadeInUp&quot;,&quot;_animation_delay&quot;:1000}\" data-widget_type=\"heading.default\">\n\t\t\t\t\t<h1 class=\"elementor-heading-title elementor-size-default\">Nasze projekty<\/h1>\t\t\t\t<\/div>\n\t\t\t\t\t<\/div>\n\t\t<\/div>\n\t\t\t\t\t<\/div>\n\t\t<\/section>\n\t\t\t\t\t<\/div>\n\t\t<\/div>\n\t\t\t\t\t<\/div>\n\t\t<\/section>\n\t\t\t\t<section data-particle_enable=\"false\" data-particle-mobile-disabled=\"false\" class=\"elementor-section elementor-top-section elementor-element elementor-element-1f1b602 elementor-section-boxed elementor-section-height-default elementor-section-height-default\" data-id=\"1f1b602\" data-element_type=\"section\" data-settings=\"{&quot;background_background&quot;:&quot;classic&quot;}\">\n\t\t\t\t\t\t\t<div class=\"elementor-background-overlay\"><\/div>\n\t\t\t\t\t\t\t<div class=\"elementor-container elementor-column-gap-default\">\n\t\t\t\t\t<div class=\"elementor-column elementor-col-100 elementor-top-column elementor-element elementor-element-d6698b4\" data-id=\"d6698b4\" data-element_type=\"column\">\n\t\t\t<div class=\"elementor-widget-wrap elementor-element-populated\">\n\t\t\t\t\t\t<section data-particle_enable=\"false\" data-particle-mobile-disabled=\"false\" class=\"elementor-section elementor-inner-section elementor-element elementor-element-7023897 elementor-section-boxed elementor-section-height-default elementor-section-height-default elementor-invisible\" data-id=\"7023897\" data-element_type=\"section\" data-settings=\"{&quot;animation&quot;:&quot;fadeInUp&quot;}\">\n\t\t\t\t\t\t<div class=\"elementor-container elementor-column-gap-default\">\n\t\t\t\t\t<div class=\"elementor-column elementor-col-100 elementor-inner-column elementor-element elementor-element-6190bd8\" data-id=\"6190bd8\" data-element_type=\"column\">\n\t\t\t<div class=\"elementor-widget-wrap elementor-element-populated\">\n\t\t\t\t\t\t<div class=\"elementor-element elementor-element-47038ea elementor-widget elementor-widget-heading\" data-id=\"47038ea\" data-element_type=\"widget\" data-widget_type=\"heading.default\">\n\t\t\t\t\t<p class=\"elementor-heading-title elementor-size-default\">Projekty<\/p>\t\t\t\t<\/div>\n\t\t\t\t<div class=\"elementor-element elementor-element-aaeed11 elementor-widget elementor-widget-heading\" data-id=\"aaeed11\" data-element_type=\"widget\" data-widget_type=\"heading.default\">\n\t\t\t\t\t<h2 class=\"elementor-heading-title elementor-size-default\">Sprawd\u017a nasze projekty<\/h2>\t\t\t\t<\/div>\n\t\t\t\t\t<\/div>\n\t\t<\/div>\n\t\t\t\t\t<\/div>\n\t\t<\/section>\n\t\t\t\t<section data-particle_enable=\"false\" data-particle-mobile-disabled=\"false\" class=\"elementor-section elementor-inner-section elementor-element elementor-element-87f12ad elementor-section-height-min-height elementor-reverse-mobile elementor-section-boxed elementor-section-height-default\" data-id=\"87f12ad\" data-element_type=\"section\">\n\t\t\t\t\t\t<div class=\"elementor-container elementor-column-gap-default\">\n\t\t\t\t\t<div class=\"elementor-column elementor-col-50 elementor-inner-column elementor-element elementor-element-07e2225\" data-id=\"07e2225\" data-element_type=\"column\">\n\t\t\t<div class=\"elementor-widget-wrap elementor-element-populated\">\n\t\t\t\t\t\t<div class=\"elementor-element elementor-element-9736622 elementor-widget__width-auto elementor-invisible elementor-widget elementor-widget-eael-interactive-promo\" data-id=\"9736622\" data-element_type=\"widget\" data-settings=\"{&quot;_animation&quot;:&quot;fadeInUp&quot;}\" data-widget_type=\"eael-interactive-promo.default\">\n\t\t\t\t\t\t\t<div id=\"eael-promo-9736622\" class=\"eael-interactive-promo\">\n\t\t\t<figure class=\"effect-sarah\">\n\t\t\t\t<img decoding=\"async\" alt=\"\" src=\"https:\/\/wymarzony-remont.pl\/wp-content\/uploads\/2025\/10\/ChatGPT-Image-22-paz-2025-18_56_47.png\">\t\t\t\t<figcaption>\n\t\t\t\t\t<div>\n\t\t\t\t\t\t\t\t\t\t\t\t\t<h2>Ciep\u0142e i przestronne mieszkanie<\/h2>\n\t\t\t\t\t\t\n\t\t\t\t\t\t<p><p>Nasza ostatnia realizacja w centrum Krakowa, mieszkanie 46m.\u00a0<\/p><\/p>\n\t\t\t\t\t<\/div>\n\t\t\t\t\t                        <a aria-label=\"Ciep\u0142e i przestronne mieszkanie\" href=\"#\"><\/a>\n\t\t\t\t\t\t\t\t\t<\/figcaption>\n\t\t\t<\/figure>\n\t\t<\/div>\n\t\t\t\t\t\t<\/div>\n\t\t\t\t<div class=\"elementor-element elementor-element-ef766cf elementor-widget__width-auto elementor-invisible elementor-widget elementor-widget-eael-interactive-promo\" data-id=\"ef766cf\" data-element_type=\"widget\" data-settings=\"{&quot;_animation&quot;:&quot;fadeInUp&quot;}\" data-widget_type=\"eael-interactive-promo.default\">\n\t\t\t\t\t\t\t<div id=\"eael-promo-ef766cf\" class=\"eael-interactive-promo\">\n\t\t\t<figure class=\"effect-sarah\">\n\t\t\t\t<img decoding=\"async\" alt=\"\" src=\"https:\/\/wymarzony-remont.pl\/wp-content\/uploads\/2025\/10\/ChatGPT-Image-22-paz-2025-19_12_08-e1761153258802.png\">\t\t\t\t<figcaption>\n\t\t\t\t\t<div>\n\t\t\t\t\t\t\t\t\t\t\t\t\t<h2>Dom jednorodzinny<\/h2>\n\t\t\t\t\t\t\n\t\t\t\t\t\t<p><p>Nowoczesny dom jednorodzinny kt\u00f3ry tworzyli\u015bmy od A do Z. Od projektu po dokumentacje a\u017c do efektu finalnego.\u00a0<\/p><\/p>\n\t\t\t\t\t<\/div>\n\t\t\t\t\t                        <a aria-label=\"Dom jednorodzinny\" href=\"#\"><\/a>\n\t\t\t\t\t\t\t\t\t<\/figcaption>\n\t\t\t<\/figure>\n\t\t<\/div>\n\t\t\t\t\t\t<\/div>\n\t\t\t\t\t<\/div>\n\t\t<\/div>\n\t\t\t\t<div class=\"elementor-column elementor-col-50 elementor-inner-column elementor-element elementor-element-bde9c38\" data-id=\"bde9c38\" data-element_type=\"column\">\n\t\t\t<div class=\"elementor-widget-wrap elementor-element-populated\">\n\t\t\t\t\t\t<div class=\"elementor-element elementor-element-30e52ec elementor-widget__width-auto elementor-invisible elementor-widget elementor-widget-eael-interactive-promo\" data-id=\"30e52ec\" data-element_type=\"widget\" data-settings=\"{&quot;_animation&quot;:&quot;fadeInUp&quot;}\" data-widget_type=\"eael-interactive-promo.default\">\n\t\t\t\t\t\t\t<div id=\"eael-promo-30e52ec\" class=\"eael-interactive-promo\">\n\t\t\t<figure class=\"effect-sarah\">\n\t\t\t\t<img decoding=\"async\" alt=\"\" src=\"https:\/\/wymarzony-remont.pl\/wp-content\/uploads\/2025\/10\/ChatGPT-Image-22-paz-2025-19_08_20.png\">\t\t\t\t<figcaption>\n\t\t\t\t\t<div>\n\t\t\t\t\t\t\t\t\t\t\t\t\t<h2>Hala produkcyjna<\/h2>\n\t\t\t\t\t\t\n\t\t\t\t\t\t<p><p>Nowoczesna hala produkcyjna dla naszego klienta zajmuj\u0105cego si\u0119 produkcj\u0105 mebli.<\/p><\/p>\n\t\t\t\t\t<\/div>\n\t\t\t\t\t                        <a aria-label=\"Hala produkcyjna\" href=\"#\"><\/a>\n\t\t\t\t\t\t\t\t\t<\/figcaption>\n\t\t\t<\/figure>\n\t\t<\/div>\n\t\t\t\t\t\t<\/div>\n\t\t\t\t<div class=\"elementor-element elementor-element-f204e6f elementor-widget__width-auto elementor-invisible elementor-widget elementor-widget-eael-interactive-promo\" data-id=\"f204e6f\" data-element_type=\"widget\" data-settings=\"{&quot;_animation&quot;:&quot;fadeInUp&quot;}\" data-widget_type=\"eael-interactive-promo.default\">\n\t\t\t\t\t\t\t<div id=\"eael-promo-f204e6f\" class=\"eael-interactive-promo\">\n\t\t\t<figure class=\"effect-sarah\">\n\t\t\t\t<img decoding=\"async\" alt=\"\" src=\"https:\/\/wymarzony-remont.pl\/wp-content\/uploads\/2025\/10\/ChatGPT-Image-22-paz-2025-19_45_50.png\">\t\t\t\t<figcaption>\n\t\t\t\t\t<div>\n\t\t\t\t\t\t\t\t\t\t\t\t\t<h2>Biuro<\/h2>\n\t\t\t\t\t\t\n\t\t\t\t\t\t<p><p>Remont biura w centrum Krakowa. Klient potrzebowa\u0142 przestrzeni do pracy dla wielu pracownik\u00f3w.<\/p><\/p>\n\t\t\t\t\t<\/div>\n\t\t\t\t\t                        <a aria-label=\"Biuro\" href=\"#\"><\/a>\n\t\t\t\t\t\t\t\t\t<\/figcaption>\n\t\t\t<\/figure>\n\t\t<\/div>\n\t\t\t\t\t\t<\/div>\n\t\t\t\t\t<\/div>\n\t\t<\/div>\n\t\t\t\t\t<\/div>\n\t\t<\/section>\n\t\t\t\t\t<\/div>\n\t\t<\/div>\n\t\t\t\t\t<\/div>\n\t\t<\/section>\n\t\t\t\t<\/div>\n\t\t","protected":false},"excerpt":{"rendered":"<p>Nasze projekty Projekty Sprawd\u017a nasze projekty Ciep\u0142e i przestronne mieszkanie Nasza ostatnia realizacja w centrum Krakowa, mieszkanie 46m.\u00a0 Dom jednorodzinny Nowoczesny dom jednorodzinny kt\u00f3ry tworzyli\u015bmy od A do Z. Od projektu po dokumentacje a\u017c do efektu finalnego.\u00a0 Hala produkcyjna Nowoczesna hala produkcyjna dla naszego klienta zajmuj\u0105cego si\u0119 produkcj\u0105 mebli. Biuro Remont biura w centrum Krakowa. [&hellip;]<\/p>\n","protected":false},"author":1,"featured_media":0,"parent":0,"menu_order":0,"comment_status":"closed","ping_status":"closed","template":"elementor_header_footer","meta":{"footnotes":""},"class_list":["post-70","page","type-page","status-publish","hentry"],"_links":{"self":[{"href":"https:\/\/wymarzony-remont.pl\/index.php?rest_route=\/wp\/v2\/pages\/70","targetHints":{"allow":["GET"]}}],"collection":[{"href":"https:\/\/wymarzony-remont.pl\/index.php?rest_route=\/wp\/v2\/pages"}],"about":[{"href":"https:\/\/wymarzony-remont.pl\/index.php?rest_route=\/wp\/v2\/types\/page"}],"author":[{"embeddable":true,"href":"https:\/\/wymarzony-remont.pl\/index.php?rest_route=\/wp\/v2\/users\/1"}],"replies":[{"embeddable":true,"href":"https:\/\/wymarzony-remont.pl\/index.php?rest_route=%2Fwp%2Fv2%2Fcomments&post=70"}],"version-history":[{"count":0,"href":"https:\/\/wymarzony-remont.pl\/index.php?rest_route=\/wp\/v2\/pages\/70\/revisions"}],"wp:attachment":[{"href":"https:\/\/wymarzony-remont.pl\/index.php?rest_route=%2Fwp%2Fv2%2Fmedia&parent=70"}],"curies":[{"name":"wp","href":"https:\/\/api.w.org\/{rel}","templated":true}]}}